{"id":2265,"date":"2019-08-14T15:34:39","date_gmt":"2019-08-14T15:34:39","guid":{"rendered":"https:\/\/monabike.mc\/?page_id=2265"},"modified":"2022-07-27T15:51:13","modified_gmt":"2022-07-27T15:51:13","slug":"how-it-works","status":"publish","type":"page","link":"https:\/\/monabike.mc\/en\/how-it-works\/","title":{"rendered":"How It Works?"},"content":{"rendered":"\n\t    <div class=\"col-xs-12 col-sm-12 col-md-12 col-lg-12 bgthubpad alignCenter\">\n      <h1>How It Works?<\/h1>\n      <div><\/div>\n    <\/div>\n\n<h2>\n\t\tREGISTER HERE, ON MONAPASS OR PBSC APPLICATION (IOS AND ANDROID)\n\t<\/h2>\n\t\t\t<a href=\"https:\/\/monabike.mc\/membres\/register\" target=\"_self\" role=\"button\" rel=\"noopener noreferrer\">\n\t\t\t\t\t\t\tREGISTRATION\n\t\t\t\t\t<\/a>\n\t\t\t<a href=\"https:\/\/play.google.com\/store\/apps\/details?id=pbsc.bikes&#038;hl=fr\" target=\"_self\" role=\"button\" rel=\"noopener noreferrer\">\n\t\t\t\t\t\tDOWNLOAD\n\t\t\t\t\t<\/a>\n\t\t\t<a href=\"https:\/\/apps.apple.com\/fr\/app\/cyclefinder\/id557237724\" target=\"_self\" role=\"button\" rel=\"noopener noreferrer\">\n\t\t\t\t\t\tDOWNLOAD\n\t\t\t\t\t<\/a>\n\t<p>While using Monapass or PBSC application, find the closest bike station to your location<\/p>\n<p>Beforehand, to pick up a bicycle, it is necessary to subscribe to the service on the monabike.mc site, on Monapass or PBSC application, by choosing an offer from the current rates<\/p>\n<p>&nbsp;<\/p>\n<p><strong><b>2 METHODS TO TAKE A BIKE<\/b><\/strong><\/p>\n\t<p><b>WITH THE CAM CARD<\/b><\/p>\n\t<p><strong>Step 1<\/strong>: Take control of your card<\/p>\n<p><strong>Step 2<\/strong>: Simply place it in the reserved space on the right side at the level of the attachment of the chosen bike.\u00a0<\/p>\n<p><strong>Step 3<\/strong>: Wait until the light on the left side turns green, you can now remove your bike<\/p>\n\t\t\t<a href=\"\" target=\"_self\" role=\"button\" rel=\"noopener noreferrer\">\n\t\t\t\t\t\t\tLET&#8217;S GO\n\t\t\t\t\t<\/a>\n\t\t\t\t<img loading=\"lazy\" decoding=\"async\" src=\"https:\/\/monabike.mc\/wp-content\/uploads\/2019\/06\/image1.png\" alt=\"image1\" itemprop=\"image\" height=\"420\" width=\"405\" title=\"image1\" onerror=\"this.style.display='none'\"  \/>\n\t\t\t\t<img loading=\"lazy\" decoding=\"async\" src=\"https:\/\/monabike.mc\/wp-content\/uploads\/2019\/06\/image3-1.png\" alt=\"image3\" itemprop=\"image\" height=\"403\" width=\"405\" title=\"image3\" onerror=\"this.style.display='none'\"  \/>\n\t<p><strong><b>BY FLASHING THE QR CODE<\/b><\/strong><\/p>\n<p><strong>Step 1:<\/strong> Take your smartphone in hand and open Monapass or PBSC application, then choose QR CODE mode ,<\/p>\n<p><strong>Step 2:<\/strong> Aim for the QR Code on the chosen bike,<\/p>\n<p><strong>Step 3:<\/strong> Wait for the beep and the green light on the left, you can now remove your bike<\/p>\n\t\t\t<a href=\"\" target=\"_self\" role=\"button\" rel=\"noopener noreferrer\">\n\t\t\t\t\t\t\tLET&#8217;S GO\n\t\t\t\t\t<\/a>\n\t<p><b>EN OBTENANT UN CODE NUM\u00c9RIQUE<\/b><\/p>\n<p><em>Cette m\u00e9thode est utile pour obtenir louer plusieurs v\u00e9los \u00e0 partir de l\u2019application<\/em><\/p>\n<p><b>\u00c9tape 1<\/b>:\u00a0Prenez votre smartphone en main, et ouvrez l\u2019application PBSC,<\/p>\n<p><b>\u00c9tape 2<\/b>: Inscrivez-vous ou renseignez vos identifiants, votre carte bancaire, pour obtenir un code num\u00e9rique \u00e0 5 chiffres,<\/p>\n<p><b>\u00c9tape 3<\/b>: Rentrez ce code directement sur l\u2019attache du v\u00e9lo choisi,<\/p>\n<p><b>\u00c9tape 4<\/b>: Attendez le signal sonore et que le voyant passe au vert, vous pouvez maintenant retirer votre v\u00e9lo.<\/p>\n<p><em>Lors de l\u2019\u00e9tape 2 vous pouvez choisir plusieurs produits pour louer plusieurs v\u00e9los avec l\u2019application. Il est cependant n\u00e9cessaire d\u2019avoir plusieurs offres valides (exemple, 4 Passes 24 heures)<\/em><\/p>\n\t\t\t<a href=\"\" target=\"_self\" role=\"button\" rel=\"noopener noreferrer\">\n\t\t\t\t\t\t\tC&#8217;EST PARTI\n\t\t\t\t\t<\/a>\n\t\t\t\t<img loading=\"lazy\" decoding=\"async\" src=\"https:\/\/monabike.mc\/wp-content\/uploads\/2019\/06\/Monaco_bike_Image-2.jpg\" alt=\"Monaco_bike_Image\" itemprop=\"image\" height=\"500\" width=\"500\" title=\"Monaco_bike_Image\" onerror=\"this.style.display='none'\"  \/>\n<h2>\n\t\tBREAK\n\t<\/h2>\n\t<p><b>PAUSE: STOP ON THE WAY<\/b><\/p>\n<p><strong>Step 1:<\/strong> During a temporary shutdown, secure the MonaBike to an object with the cable<\/p>\n<p><strong>Step 2:<\/strong> Insert the cable into the padlock<\/p>\n<p><strong>Step 3:<\/strong> Remove the key<\/p>\n<p><em>The duration of your trip continues during a break with the lock, be aware of the additional costs after 30 minutes per trip.<\/em><\/p>\n\t\t\t\t<img loading=\"lazy\" decoding=\"async\" src=\"https:\/\/monabike.mc\/wp-content\/uploads\/2019\/06\/image2.png\" alt=\"image2\" itemprop=\"image\" height=\"361\" width=\"393\" title=\"image2\" onerror=\"this.style.display='none'\"  \/>\n<h2>\n\t\tEND OF TRIP\n\t<\/h2>\n\t\t\t\t<img loading=\"lazy\" decoding=\"async\" src=\"https:\/\/monabike.mc\/wp-content\/uploads\/2019\/06\/image5.png\" alt=\"image5\" itemprop=\"image\" height=\"338\" width=\"382\" title=\"image5\" onerror=\"this.style.display='none'\"  \/>\n\t<p>&nbsp;<\/p>\n<p><b>RETURN THE BIKE<\/b><\/p>\n<p><strong>Step 1:<\/strong> Push the MonaBike into a clip.<\/p>\n<p><strong>Step 2:<\/strong> Wait for the green light on the left of the clip that confirms the end of the trip.<\/p>\n<p><em>An email confirming the return will be sent in the next few minutes. If you do not receive it, please call +377 97 70 22 15. In case of absence, leave a message with your contact details.<\/em><\/p>\n\t<p><strong>CAUTION :<\/strong><\/p>\n<p>For all offers, in addition to the proposed price:<\/p>\n&#8211; the first 30 minutes of use are free of charge<br \/>\n&#8211; from 30 min to 1 h, the additional cost is 1 \u20ac<br \/>\n&#8211; from 1 hour of use, the additional cost is 2 \u20ac per half hour\n<p><strong>DO NOT FORGET TO REST THE BIKE IN THE STATION OF YOUR CHOICE BEFORE THE END OF THE FIRST 30 MINUTES OF USE, TO AVOID ANY ADDITIONAL COSTS. ANY HALF HOUR STARTED IS BILLED.<\/strong><\/p>\n","protected":false},"excerpt":{"rendered":"<p>REGISTER HERE, ON MONAPASS OR PBSC APPLICATION (IOS AND ANDROID) REGISTRATION DOWNLOAD DOWNLOAD While using Monapass or PBSC application, find the closest bike station to your location Beforehand, to pick up a bicycle, it is necessary to subscribe to the service on the monabike.mc site, on Monapass or PBSC application, by choosing an offer from the current rates &nbsp; 2 METHODS TO TAKE A BIKE WITH THE CAM CARD Step<a href=\"https:\/\/monabike.mc\/en\/how-it-works\/\" class=\"readmore\" >En savoir plus<\/a><\/p>\n","protected":false},"author":1,"featured_media":0,"parent":0,"menu_order":0,"comment_status":"closed","ping_status":"closed","template":"","meta":{"_acf_changed":false,"footnotes":""},"class_list":["post-2265","page","type-page","status-publish","hentry"],"acf":[],"yoast_head":"<!-- This site is optimized with the Yoast SEO plugin v25.4 - https:\/\/yoast.com\/wordpress\/plugins\/seo\/ -->\n<title>How It Works? - MonaBike<\/title>\n<meta name=\"robots\" content=\"index, follow, max-snippet:-1, max-image-preview:large, max-video-preview:-1\" \/>\n<link rel=\"canonical\" href=\"https:\/\/monabike.mc\/en\/how-it-works\/\" \/>\n<meta property=\"og:locale\" content=\"en_US\" \/>\n<meta property=\"og:type\" content=\"article\" \/>\n<meta property=\"og:title\" content=\"How It Works? - MonaBike\" \/>\n<meta property=\"og:description\" content=\"REGISTER HERE, ON MONAPASS OR PBSC APPLICATION (IOS AND ANDROID) REGISTRATION DOWNLOAD DOWNLOAD While using Monapass or PBSC application, find the closest bike station to your location Beforehand, to pick up a bicycle, it is necessary to subscribe to the service on the monabike.mc site, on Monapass or PBSC application, by choosing an offer from the current rates &nbsp; 2 METHODS TO TAKE A BIKE WITH THE CAM CARD StepEn savoir plus\" \/>\n<meta property=\"og:url\" content=\"https:\/\/monabike.mc\/en\/how-it-works\/\" \/>\n<meta property=\"og:site_name\" content=\"MonaBike\" \/>\n<meta property=\"article:modified_time\" content=\"2022-07-27T15:51:13+00:00\" \/>\n<meta property=\"og:image\" content=\"https:\/\/monabike.mc\/wp-content\/uploads\/2019\/06\/image1.png\" \/>\n<meta name=\"twitter:card\" content=\"summary_large_image\" \/>\n<meta name=\"twitter:label1\" content=\"Est. reading time\" \/>\n\t<meta name=\"twitter:data1\" content=\"2 minutes\" \/>\n<script type=\"application\/ld+json\" class=\"yoast-schema-graph\">{\"@context\":\"https:\/\/schema.org\",\"@graph\":[{\"@type\":\"WebPage\",\"@id\":\"https:\/\/monabike.mc\/en\/how-it-works\/\",\"url\":\"https:\/\/monabike.mc\/en\/how-it-works\/\",\"name\":\"How It Works? - MonaBike\",\"isPartOf\":{\"@id\":\"https:\/\/monabike.mc\/en\/#website\"},\"primaryImageOfPage\":{\"@id\":\"https:\/\/monabike.mc\/en\/how-it-works\/#primaryimage\"},\"image\":{\"@id\":\"https:\/\/monabike.mc\/en\/how-it-works\/#primaryimage\"},\"thumbnailUrl\":\"https:\/\/monabike.mc\/wp-content\/uploads\/2019\/06\/image1.png\",\"datePublished\":\"2019-08-14T15:34:39+00:00\",\"dateModified\":\"2022-07-27T15:51:13+00:00\",\"breadcrumb\":{\"@id\":\"https:\/\/monabike.mc\/en\/how-it-works\/#breadcrumb\"},\"inLanguage\":\"en-US\",\"potentialAction\":[{\"@type\":\"ReadAction\",\"target\":[\"https:\/\/monabike.mc\/en\/how-it-works\/\"]}]},{\"@type\":\"ImageObject\",\"inLanguage\":\"en-US\",\"@id\":\"https:\/\/monabike.mc\/en\/how-it-works\/#primaryimage\",\"url\":\"https:\/\/monabike.mc\/wp-content\/uploads\/2019\/06\/image1.png\",\"contentUrl\":\"https:\/\/monabike.mc\/wp-content\/uploads\/2019\/06\/image1.png\"},{\"@type\":\"BreadcrumbList\",\"@id\":\"https:\/\/monabike.mc\/en\/how-it-works\/#breadcrumb\",\"itemListElement\":[{\"@type\":\"ListItem\",\"position\":1,\"name\":\"Home\",\"item\":\"https:\/\/monabike.mc\/en\/\"},{\"@type\":\"ListItem\",\"position\":2,\"name\":\"How It Works?\"}]},{\"@type\":\"WebSite\",\"@id\":\"https:\/\/monabike.mc\/en\/#website\",\"url\":\"https:\/\/monabike.mc\/en\/\",\"name\":\"MonaBike\",\"description\":\"MonaBike\",\"potentialAction\":[{\"@type\":\"SearchAction\",\"target\":{\"@type\":\"EntryPoint\",\"urlTemplate\":\"https:\/\/monabike.mc\/en\/?s={search_term_string}\"},\"query-input\":{\"@type\":\"PropertyValueSpecification\",\"valueRequired\":true,\"valueName\":\"search_term_string\"}}],\"inLanguage\":\"en-US\"}]}<\/script>\n<!-- \/ Yoast SEO plugin. -->","yoast_head_json":{"title":"How It Works? - MonaBike","robots":{"index":"index","follow":"follow","max-snippet":"max-snippet:-1","max-image-preview":"max-image-preview:large","max-video-preview":"max-video-preview:-1"},"canonical":"https:\/\/monabike.mc\/en\/how-it-works\/","og_locale":"en_US","og_type":"article","og_title":"How It Works? - MonaBike","og_description":"REGISTER HERE, ON MONAPASS OR PBSC APPLICATION (IOS AND ANDROID) REGISTRATION DOWNLOAD DOWNLOAD While using Monapass or PBSC application, find the closest bike station to your location Beforehand, to pick up a bicycle, it is necessary to subscribe to the service on the monabike.mc site, on Monapass or PBSC application, by choosing an offer from the current rates &nbsp; 2 METHODS TO TAKE A BIKE WITH THE CAM CARD StepEn savoir plus","og_url":"https:\/\/monabike.mc\/en\/how-it-works\/","og_site_name":"MonaBike","article_modified_time":"2022-07-27T15:51:13+00:00","og_image":[{"url":"https:\/\/monabike.mc\/wp-content\/uploads\/2019\/06\/image1.png","type":"","width":"","height":""}],"twitter_card":"summary_large_image","twitter_misc":{"Est. reading time":"2 minutes"},"schema":{"@context":"https:\/\/schema.org","@graph":[{"@type":"WebPage","@id":"https:\/\/monabike.mc\/en\/how-it-works\/","url":"https:\/\/monabike.mc\/en\/how-it-works\/","name":"How It Works? - MonaBike","isPartOf":{"@id":"https:\/\/monabike.mc\/en\/#website"},"primaryImageOfPage":{"@id":"https:\/\/monabike.mc\/en\/how-it-works\/#primaryimage"},"image":{"@id":"https:\/\/monabike.mc\/en\/how-it-works\/#primaryimage"},"thumbnailUrl":"https:\/\/monabike.mc\/wp-content\/uploads\/2019\/06\/image1.png","datePublished":"2019-08-14T15:34:39+00:00","dateModified":"2022-07-27T15:51:13+00:00","breadcrumb":{"@id":"https:\/\/monabike.mc\/en\/how-it-works\/#breadcrumb"},"inLanguage":"en-US","potentialAction":[{"@type":"ReadAction","target":["https:\/\/monabike.mc\/en\/how-it-works\/"]}]},{"@type":"ImageObject","inLanguage":"en-US","@id":"https:\/\/monabike.mc\/en\/how-it-works\/#primaryimage","url":"https:\/\/monabike.mc\/wp-content\/uploads\/2019\/06\/image1.png","contentUrl":"https:\/\/monabike.mc\/wp-content\/uploads\/2019\/06\/image1.png"},{"@type":"BreadcrumbList","@id":"https:\/\/monabike.mc\/en\/how-it-works\/#breadcrumb","itemListElement":[{"@type":"ListItem","position":1,"name":"Home","item":"https:\/\/monabike.mc\/en\/"},{"@type":"ListItem","position":2,"name":"How It Works?"}]},{"@type":"WebSite","@id":"https:\/\/monabike.mc\/en\/#website","url":"https:\/\/monabike.mc\/en\/","name":"MonaBike","description":"MonaBike","potentialAction":[{"@type":"SearchAction","target":{"@type":"EntryPoint","urlTemplate":"https:\/\/monabike.mc\/en\/?s={search_term_string}"},"query-input":{"@type":"PropertyValueSpecification","valueRequired":true,"valueName":"search_term_string"}}],"inLanguage":"en-US"}]}},"_links":{"self":[{"href":"https:\/\/monabike.mc\/en\/wp-json\/wp\/v2\/pages\/2265","targetHints":{"allow":["GET"]}}],"collection":[{"href":"https:\/\/monabike.mc\/en\/wp-json\/wp\/v2\/pages"}],"about":[{"href":"https:\/\/monabike.mc\/en\/wp-json\/wp\/v2\/types\/page"}],"author":[{"embeddable":true,"href":"https:\/\/monabike.mc\/en\/wp-json\/wp\/v2\/users\/1"}],"replies":[{"embeddable":true,"href":"https:\/\/monabike.mc\/en\/wp-json\/wp\/v2\/comments?post=2265"}],"version-history":[{"count":6,"href":"https:\/\/monabike.mc\/en\/wp-json\/wp\/v2\/pages\/2265\/revisions"}],"predecessor-version":[{"id":2596,"href":"https:\/\/monabike.mc\/en\/wp-json\/wp\/v2\/pages\/2265\/revisions\/2596"}],"wp:attachment":[{"href":"https:\/\/monabike.mc\/en\/wp-json\/wp\/v2\/media?parent=2265"}],"curies":[{"name":"wp","href":"https:\/\/api.w.org\/{rel}","templated":true}]}}